{"id":6767,"date":"2022-06-20T10:45:26","date_gmt":"2022-06-20T15:45:26","guid":{"rendered":"http:\/\/coregen-insurance.one.zysites.com\/about-us\/"},"modified":"2022-11-22T15:42:06","modified_gmt":"2022-11-22T21:42:06","slug":"about-us","status":"publish","type":"page","link":"https:\/\/www.cginsurancesb.com\/es\/about-us\/","title":{"rendered":"Sobre nosotros"},"content":{"rendered":"<p>CoreGen Insurance Agency fue fundada en 2009 por Carlota Garc\u00eda, quien ha estado en la industria de seguros por m\u00e1s de 10 a\u00f1os. Podemos brindarle todas sus necesidades de seguros individuales y comerciales, desde seguros de salud hasta autom\u00f3viles. Nuestro objetivo principal es responder a todas sus preguntas para que pueda tener toda la informaci\u00f3n adecuada para seleccionar la cobertura adecuada que necesita para usted, su familia o su negocio.<\/p>\n<p>Dado que la industria de seguros es tan compleja, estamos aqu\u00ed para mantener a nuestros socios bien informados y actualizados. Como nuestro socio, nos esforzamos por dise\u00f1ar una soluci\u00f3n que beneficie a sus empleados y cumpla con la intenci\u00f3n de su empresa de cuidar a sus empleados. Para asegurarnos de que entendemos sus necesidades, primero brindamos una reuni\u00f3n de presentaci\u00f3n para que podamos incorporar todas sus inquietudes y urgencias para que podamos presentarle opciones \u00fanicas para su grupo.<\/p>\n<p>Para nuestras personas y familias que buscan cobertura, brindamos servicios personalizados. Escuchamos sus necesidades y expectativas y encontramos el transportador perfecto para usted. Como su agencia, puede pensar en nosotros como su centro de recursos de seguros, estamos aqu\u00ed para asegurarnos de que comprenda c\u00f3mo su seguro puede funcionar para usted.<\/p>\n","protected":false},"excerpt":{"rendered":"<p>CoreGen Insurance Agency fue fundada en 2009 por Carlota Garc\u00eda, quien ha estado en la industria de seguros por m\u00e1s de 10 a\u00f1os. Podemos brindarle todas sus necesidades de seguros individuales y comerciales, desde seguros de salud hasta autom\u00f3viles. Nuestro objetivo principal es responder a todas sus preguntas para que pueda tener toda la informaci\u00f3n [&hellip;]<\/p>\n","protected":false},"author":6,"featured_media":0,"parent":0,"menu_order":0,"comment_status":"closed","ping_status":"closed","template":"","meta":{"_acf_changed":false,"_seopress_robots_primary_cat":null,"_seopress_titles_title":"","_seopress_titles_desc":"","_seopress_robots_index":"","_analytify_skip_tracking":false,"footnotes":""},"class_list":["post-6767","page","type-page","status-publish","hentry"],"acf":[],"_links":{"self":[{"href":"https:\/\/www.cginsurancesb.com\/es\/wp-json\/wp\/v2\/pages\/6767","targetHints":{"allow":["GET"]}}],"collection":[{"href":"https:\/\/www.cginsurancesb.com\/es\/wp-json\/wp\/v2\/pages"}],"about":[{"href":"https:\/\/www.cginsurancesb.com\/es\/wp-json\/wp\/v2\/types\/page"}],"author":[{"embeddable":true,"href":"https:\/\/www.cginsurancesb.com\/es\/wp-json\/wp\/v2\/users\/6"}],"replies":[{"embeddable":true,"href":"https:\/\/www.cginsurancesb.com\/es\/wp-json\/wp\/v2\/comments?post=6767"}],"version-history":[{"count":0,"href":"https:\/\/www.cginsurancesb.com\/es\/wp-json\/wp\/v2\/pages\/6767\/revisions"}],"wp:attachment":[{"href":"https:\/\/www.cginsurancesb.com\/es\/wp-json\/wp\/v2\/media?parent=6767"}],"curies":[{"name":"wp","href":"https:\/\/api.w.org\/{rel}","templated":true}]}}